{"id":22247,"date":"2023-08-29T07:29:13","date_gmt":"2023-08-29T11:29:13","guid":{"rendered":"https:\/\/studiobizz.com\/cartes-cadeaux\/"},"modified":"2025-12-05T16:29:51","modified_gmt":"2025-12-05T21:29:51","slug":"gift-cards","status":"publish","type":"page","link":"https:\/\/studiobizz.com\/en\/gift-cards\/","title":{"rendered":"Gift cards"},"content":{"rendered":"<div class=\"wpb-content-wrapper\"><p>[vc_row full_width=&#8221;stretch_row&#8221; el_id=&#8221;section-hero&#8221; el_class=&#8221;section section-hero&#8221; css=&#8221;.vc_custom_1693308491371{background-image: url(https:\/\/studiobizz.com\/wp-content\/uploads\/2023\/08\/bg-hero-gift-card.png?id=134) !important;}&#8221;][vc_column][vc_row_inner][vc_column_inner][vc_raw_html css=&#8221;&#8221;]PGRpdiBjbGFzcz0iY29udGVudC1oZXJvIj4NCiAgICA8ZGl2IGNsYXNzPSJicmVhZGNydW1icyI+DQogICAgICAgIDxwPjxhIGhyZWY9Ii8iPkFjY3VlaWw8L2E+IDxzcGFuIGNsYXNzPSJzcGFuLXBhZ2UiIHN0eWxlPSIiPi8gQ2FydGVzIGNhZGVhdXg8L3NwYW4+PC9wPg0KICAgIDwvZGl2Pjxicj4gICAgPGRpdiBjbGFzcz0idGl0bGUtQWJvdXQiPkNhcnRlcy1jYWRlYXV4PC9kaXY+PGJyPjwvZGl2Pg==[\/vc_raw_html][\/vc_column_inner][\/vc_row_inner][\/vc_column][\/vc_row][vc_row full_width=&#8221;stretch_row&#8221; el_id=&#8221;section-cart-desc&#8221; el_class=&#8221;section section-cart-desc&#8221;][vc_column][vc_row_inner][vc_column_inner el_class=&#8221;block-right-l&#8221; width=&#8221;1\/2&#8243; css=&#8221;.vc_custom_1693308504274{background-image: url(https:\/\/studiobizz.com\/wp-content\/uploads\/2023\/08\/bg-block-right.png?id=122) !important;}&#8221;][vc_column_text]<\/p>\n<div class=\"block-left\">\n<div class=\"text-desc\">Offre le plaisir de bouger en cadeau!<\/div>\n<\/div>\n<p>[\/vc_column_text][\/vc_column_inner][vc_column_inner el_class=&#8221;block-right-g&#8221; width=&#8221;1\/2&#8243;][vc_column_text css=&#8221;&#8221;]<\/p>\n<div class=\"block-container\">\n<div class=\"frame-container\">\n<div class=\"info-box\">\n<div class=\"highlight-box\">\n<div class=\"highlight-title\">Un cadeau qui fait du bien!<\/div>\n<\/div>\n<div class=\"intro-text\">Le cadeau id\u00e9al pour tous les passionn\u00e9s du mouvement!<\/div>\n<\/div>\n<div class=\"benefits-text\">Comble tes proches de bonheur en leur faisant d\u00e9couvrir une exp\u00e9rience unique de danse, de yoga et de fitness. Bien-\u00eatre garanti! Alors, pourquoi offrir une carte cadeau? Parce que&#8230;<\/div>\n<\/div>\n<div class=\"features-container\">\n<div class=\"feature-item\">\n<div class=\"chevron-icon\">\n<div class=\"icon-element\"><\/div>\n<\/div>\n<div class=\"feature-text\">C&#8217;est un cadeau z\u00e9ro d\u00e9chet!<\/div>\n<\/div>\n<div class=\"feature-item\">\n<div class=\"chevron-icon\">\n<div class=\"icon-element\"><\/div>\n<\/div>\n<div class=\"feature-text\">Il y en a pour tous les budgets: 25$, 50$ et 100$.<\/div>\n<\/div>\n<div class=\"feature-item\">\n<div class=\"chevron-icon\">\n<div class=\"icon-element\"><\/div>\n<\/div>\n<div class=\"feature-text\">Elles n&#8217;ont pas de date d&#8217;expiration, elles sont valides \u00e0 vie!<\/div>\n<\/div>\n<\/div>\n<\/div>\n<p>[\/vc_column_text][\/vc_column_inner][\/vc_row_inner][\/vc_column][\/vc_row][vc_row full_width=&#8221;stretch_row&#8221; el_id=&#8221;section-buy-step&#8221; el_class=&#8221;section section-buy-step&#8221;][vc_column][vc_row_inner][vc_column_inner][vc_column_text css=&#8221;&#8221;]<\/p>\n<div class=\"frame-container\">\n<div class=\"title-box\">\n<div class=\"title-text\">Comment acheter une carte-cadeau<\/div>\n<\/div>\n<ul class=\"instructions-list\">\n<li>Choisis le montant de la carte que tu souhaites offrir et clique sur la carte correspondante ci-bas.<\/li>\n<li>Connecte-toi.<\/li>\n<li>En remplissant les informations de paiement, tu devras \u00e9crire le nom et le courriel du destinataire, c\u2019est-\u00e0-dire la personne \u00e0 qui tu veux offrir la carte.<\/li>\n<li>Lorsque le paiement est compl\u00e9t\u00e9, la personne \u00e0 qui tu offres la carte cadeaux recevra un courriel afin de la r\u00e9cup\u00e9rer.<\/li>\n<li>Elle devra alors se cr\u00e9er un compte si ce n\u2019est pas d\u00e9j\u00e0 fait pour activer la carte et l\u2019enregistrer dans son profil Studio Bizz.<\/li>\n<\/ul>\n<\/div>\n<p>[\/vc_column_text][\/vc_column_inner][\/vc_row_inner][\/vc_column][\/vc_row][vc_row full_width=&#8221;stretch_row&#8221; el_id=&#8221;section-cart-gifts&#8221; el_class=&#8221;section section-cart-gifts&#8221;][vc_column][vc_row_inner disable_element=&#8221;yes&#8221;][vc_column_inner width=&#8221;1\/3&#8243;][vc_raw_html]PGRpdiBjbGFzcz0iZ2lmdC1jYXJkLTEiPg0KPGRpdiBjbGFzcz0iZ2lmdC1jYXJkLXN1cCI+DQo8YSBocmVmPSJodHRwczovL2JhY2tvZmZpY2UuYnNwb3J0LmlvL20vU3R1ZGlvJTIwQml6ei85NjIvZ2lmdGNhcmQ\/dGFiU2VsZWN0ZWQ9MiI+PGRpdiBjbGFzcz0iZ2lmdC1jYXJkLTEiPg0KPGRpdiBjbGFzcz0iZ2lmdC1jYXJkLWRldGFpbHMiPg0KPGRpdiBjbGFzcz0iZ2lmdC1jYXJkLXRpdGxlIj5DYXJ0ZSBjYWRlYXU8L2Rpdj48YnI+PGRpdiBjbGFzcz0iZ2lmdC1jYXJkLWFtb3VudCI+JDI1PC9kaXY+PGJyPjwvZGl2Pjxicj48ZGl2IGNsYXNzPSJnaWZ0LWNhcmQtaWNvbiI+DQo8ZGl2IGNsYXNzPSJnaWZ0LWljb24tMSI+PC9kaXY+PGJyPjwvZGl2Pjxicj48L2Rpdj48YnI+PGRpdiBjbGFzcz0iZ2lmdC1jYXJkLWRlc2NyaXB0aW9uIj5Qb3VyIGVzc2F5ZXIgdW4gY291cnMhPC9kaXY+PGJyPjwvYT48YnI+PC9kaXY+[\/vc_raw_html][\/vc_column_inner][vc_column_inner width=&#8221;1\/3&#8243;][vc_raw_html]PGRpdiBjbGFzcz0iZ2lmdC1jYXJkLTIiPg0KPGEgaHJlZj0iaHR0cHM6Ly9iYWNrb2ZmaWNlLmJzcG9ydC5pby9tL1N0dWRpbyUyMEJpenovOTYyL2dpZnRjYXJkP3RhYlNlbGVjdGVkPTIiPjxkaXYgY2xhc3M9ImdpZnQtY2FyZC0xIj4NCjxkaXYgY2xhc3M9ImdpZnQtY2FyZC1zdXAiPg0KPGRpdiBjbGFzcz0iZ2lmdC1jYXJkLWRldGFpbHMiPg0KPGRpdiBjbGFzcz0iZ2lmdC1jYXJkLXRpdGxlIj5DYXJ0ZSBjYWRlYXU8L2Rpdj48YnI+PGRpdiBjbGFzcz0iZ2lmdC1jYXJkLWFtb3VudCI+JDUwPC9kaXY+PGJyPjwvZGl2Pjxicj48ZGl2IGNsYXNzPSJnaWZ0LWNhcmQtaWNvbiI+DQo8ZGl2IGNsYXNzPSJnaWZ0LWljb24tMiI+PC9kaXY+PGJyPjwvZGl2Pjxicj48L2Rpdj48YnI+PGRpdiBjbGFzcz0iZ2lmdC1jYXJkLWRlc2NyaXB0aW9uIj5Qb3VyIGTDqWNvdXZyaXIgbGUgc3R1ZGlvITwvZGl2Pjxicj48L2E+PGJyPjwvZGl2Pg==[\/vc_raw_html][\/vc_column_inner][vc_column_inner width=&#8221;1\/3&#8243;][vc_raw_html]PGRpdiBjbGFzcz0iZ2lmdC1jYXJkLTMiPg0KPGEgaHJlZj0iaHR0cHM6Ly9iYWNrb2ZmaWNlLmJzcG9ydC5pby9tL1N0dWRpbyUyMEJpenovOTYyL2dpZnRjYXJkP3RhYlNlbGVjdGVkPTIiPjxkaXYgY2xhc3M9ImdpZnQtY2FyZC0xIj4NCjxkaXYgY2xhc3M9ImdpZnQtY2FyZC1zdXAiPg0KPGRpdiBjbGFzcz0iZ2lmdC1jYXJkLWRldGFpbHMiPg0KPGRpdiBjbGFzcz0iZ2lmdC1jYXJkLXRpdGxlIj5DYXJ0ZSBjYWRlYXU8L2Rpdj48YnI+PGRpdiBjbGFzcz0iZ2lmdC1jYXJkLWFtb3VudCI+JDEwMDwvZGl2Pjxicj48L2Rpdj48YnI+PGRpdiBjbGFzcz0iZ2lmdC1jYXJkLWljb24iPg0KPGRpdiBjbGFzcz0iZ2lmdC1pY29uLTMiPjwvZGl2Pjxicj48L2Rpdj48YnI+PC9kaXY+PGJyPjxkaXYgY2xhc3M9ImdpZnQtY2FyZC1kZXNjcmlwdGlvbiI+UGFyZmFpdCBwb3VyIGxlcyBoYWJpdHXDqXMhPC9kaXY+PGJyPjwvYT48YnI+PC9kaXY+[\/vc_raw_html][\/vc_column_inner][\/vc_row_inner][vc_row_inner][vc_column_inner][\/vc_column_inner][\/vc_row_inner][vc_row_inner][vc_column_inner][vc_column_text css=&#8221;&#8221;]<\/p>\n<h2 class=\"text-title \">Cartes-cadeaux<\/h2>\n<p>[\/vc_column_text][\/vc_column_inner][\/vc_row_inner][vc_row_inner][vc_column_inner width=&#8221;1\/3&#8243;][vc_column_text css=&#8221;&#8221;]<\/p>\n<div class=\"gift-card-1\">\n<div class=\"gift-card-sup\">\n<div class=\"gift-card-details\">\n<div class=\"gift-card-title\"><a href=\"https:\/\/backoffice.bsport.io\/m\/Studio%20Bizz\/962\/giftcard?tabSelected=2\">Carte cadeau<\/a><\/div>\n<div class=\"gift-card-amount\"><a href=\"https:\/\/backoffice.bsport.io\/m\/Studio%20Bizz\/962\/giftcard?tabSelected=2\">$25 \u00e0 $500<\/a><\/div>\n<\/div>\n<div class=\"gift-card-icon\">\n<div class=\"gift-icon-1\"><\/div>\n<\/div>\n<\/div>\n<div class=\"gift-card-description\"><a href=\"https:\/\/backoffice.bsport.io\/m\/Studio%20Bizz\/962\/giftcard?tabSelected=2\">Pour essayer un cours!<\/a><\/div>\n<\/div>\n<p>[\/vc_column_text][\/vc_column_inner][vc_column_inner width=&#8221;1\/3&#8243;][vc_column_text]<\/p>\n<div class=\"gift-card-2\">\n<div class=\"gift-card-sup\">\n<div class=\"gift-card-details\">\n<div class=\"gift-card-title\"><a href=\"https:\/\/backoffice.bsport.io\/m\/Studio%20Bizz\/962\/giftcard?tabSelected=2\">Carte cadeau<\/a><\/div>\n<div class=\"gift-card-amount\"><a href=\"https:\/\/backoffice.bsport.io\/m\/Studio%20Bizz\/962\/giftcard?tabSelected=2\">$50<\/a><\/div>\n<\/div>\n<div class=\"gift-card-icon\">\n<div class=\"gift-icon-2\"><\/div>\n<\/div>\n<\/div>\n<div class=\"gift-card-description\"><a href=\"https:\/\/backoffice.bsport.io\/m\/Studio%20Bizz\/962\/giftcard?tabSelected=2\">Pour d\u00e9couvrir le studio!<\/a><\/div>\n<\/div>\n<p>[\/vc_column_text][\/vc_column_inner][vc_column_inner width=&#8221;1\/3&#8243;][vc_column_text]<\/p>\n<div class=\"gift-card-3\">\n<div class=\"gift-card-sup\">\n<div class=\"gift-card-details\">\n<div class=\"gift-card-title\"><a href=\"https:\/\/backoffice.bsport.io\/m\/Studio%20Bizz\/962\/giftcard?tabSelected=2\">Carte cadeau<\/a><\/div>\n<div class=\"gift-card-amount\"><a href=\"https:\/\/backoffice.bsport.io\/m\/Studio%20Bizz\/962\/giftcard?tabSelected=2\">$100<\/a><\/div>\n<\/div>\n<div class=\"gift-card-icon\">\n<div class=\"gift-icon-3\"><\/div>\n<\/div>\n<\/div>\n<div class=\"gift-card-description\"><a href=\"https:\/\/backoffice.bsport.io\/m\/Studio%20Bizz\/962\/giftcard?tabSelected=2\">Parfait pour les habitu\u00e9s!<\/a><\/div>\n<\/div>\n<p>[\/vc_column_text][\/vc_column_inner][\/vc_row_inner][\/vc_column][\/vc_row][vc_row full_width=&#8221;stretch_row&#8221; disable_element=&#8221;yes&#8221; el_id=&#8221;section-gift&#8221; el_class=&#8221;section section-gift&#8221;][vc_column][vc_raw_js]JTNDc2NyaXB0JTIwaWQlM0QlMjJpbnNlcnQtYnNwb3J0LXdpZGdldC1jZG4lMjIlM0UlMjFmdW5jdGlvbiUyMCUyOGIlMkMlMjBzJTJDJTIwcCUyQyUyMG8lMkMlMjByJTJDJTIwdCUyOSUyMCU3QiUyMCUyMXR5cGVvZiUyMHdpbmRvdy5Cc3BvcnRXaWRnZXQlMjAlMjElM0QlM0QlMjAlMjJ1bmRlZmluZWQlMjIlMjAlMjYlMjYlMjAlMjFkb2N1bWVudC5nZXRFbGVtZW50QnlJZCUyOCUyMmJzcG9ydC13aWRnZXQtY2RuJTIyJTI5JTIwJTI2JTI2JTIwJTIxZnVuY3Rpb24lMjAlMjglMjklMjAlN0IlMjBtJTIwJTNEJTIwYi5jcmVhdGVFbGVtZW50JTI4cyUyOSUyQyUyMG0uaWQlMjAlM0QlMjAlMjJic3BvcnQtd2lkZ2V0LWNkbiUyMiUyQyUyMG0uc3JjJTIwJTNEJTIwcCUyQyUyMGIuZ2V0RWxlbWVudHNCeVRhZ05hbWUlMjglMjJoZWFkJTIyJTI5JTVCMCU1RC5hcHBlbmRDaGlsZCUyOG0lMjklMjAlN0QlMjglMjklMjAlN0QlMjhkb2N1bWVudCUyQyUyMCUyMnNjcmlwdCUyMiUyQyUyMCUyMmh0dHBzJTNBJTJGJTJGY2RuLmJzcG9ydC5pbyUyRnNjcmlwdHMlMkZ3aWRnZXQuanMlMjIlMjklM0MlMkZzY3JpcHQlM0UlMEElMjAlMjAlMjAlMjAlM0NzY3JpcHQlMjBpZCUzRCUyMmJzcG9ydC13aWRnZXQtbW91bnQlMjIlM0UlMEElMjAlMjAlMjAlMjAlMjAlMjAlMjAlMjBmdW5jdGlvbiUyME1vdW50QnNwb3J0V2lkZ2V0JTI4Y29uZmlnJTJDJTIwcmVwZWF0JTNEMSUyOSUyMCU3QiUwQSUyMCUyMCUyMCUyMCUyMCUyMCUyMCUyMCUyMCUyMCUyMCUyMGlmJTIwJTI4cmVwZWF0JTIwJTNFJTIwNTAlMjklMjAlN0IlMjByZXR1cm4lMjAlN0QlMEElMjAlMjAlMjAlMjAlMjAlMjAlMjAlMjAlMjAlMjAlMjAlMjBpZiUyMCUyOCUyMXdpbmRvdy5Cc3BvcnRXaWRnZXQlMjklMjAlN0IlMEElMjAlMjAlMjAlMjAlMjAlMjAlMjAlMjAlMjAlMjAlMjAlMjAlMjAlMjAlMjAlMjByZXR1cm4lMjBzZXRUaW1lb3V0JTI4JTI4JTI5JTIwJTNEJTNFJTIwJTdCJTBBJTIwJTIwJTIwJTIwJTIwJTIwJTIwJTIwJTIwJTIwJTIwJTIwJTIwJTIwJTIwJTIwJTIwJTIwJTIwJTIwTW91bnRCc3BvcnRXaWRnZXQlMjhjb25maWclMkNyZXBlYXQlMkIxJTI5JTBBJTIwJTIwJTIwJTIwJTIwJTIwJTIwJTIwJTIwJTIwJTIwJTIwJTIwJTIwJTIwJTIwJTdEJTJDJTIwMTAwJTIwJTJBJTIwcmVwZWF0JTIwJTdDJTdDJTIwMSUyOSUwQSUyMCUyMCUyMCUyMCUyMCUyMCUyMCUyMCUyMCUyMCUyMCUyMCU3RCUwQSUyMCUyMCUyMCUyMCUyMCUyMCUyMCUyMCUyMCUyMCUyMCUyMEJzcG9ydFdpZGdldC5tb3VudCUyOGNvbmZpZyUyOSUwQSUyMCUyMCUyMCUyMCUyMCUyMCUyMCUyMCU3RCUwQSUyMCUyMCUyMCUyMCUzQyUyRnNjcmlwdCUzRSUwQSUyMCUyMCUyMCUyMCUzQ3NjcmlwdCUzRSUwQSUyMCUyMCUyMCUyMCUyMCUyMCUyMCUyME1vdW50QnNwb3J0V2lkZ2V0JTI4JTdCJTBBJTIwJTIwJTIwJTIwJTIwJTIwJTIwJTIwJTIwJTIwJTIwJTIwJTIwJTIwJTIwJTIwJTIycGFyZW50RWxlbWVudCUyMiUzQSUyMCUyMmJzcG9ydC13aWRnZXQtNjg2NTk3JTIyJTJDJTBBJTIwJTIwJTIwJTIwJTIwJTIwJTIwJTIwJTIwJTIwJTIwJTIwJTIwJTIwJTIwJTIwJTIyY29tcGFueUlkJTIyJTNBJTIwOTYyJTJDJTBBJTIwJTIwJTIwJTIwJTIwJTIwJTIwJTIwJTIwJTIwJTIwJTIwJTIwJTIwJTIwJTIwJTIyZnJhbmNoaXNlSWQlMjIlM0ElMjBudWxsJTJDJTBBJTIwJTIwJTIwJTIwJTIwJTIwJTIwJTIwJTIwJTIwJTIwJTIwJTIwJTIwJTIwJTIwJTIyZGlhbG9nTW9kZSUyMiUzQSUyMDElMkMlMEElMjAlMjAlMjAlMjAlMjAlMjAlMjAlMjAlMjAlMjAlMjAlMjAlMjAlMjAlMjAlMjAlMjJ3aWRnZXRUeXBlJTIyJTNBJTIwJTIyZ2lmdGNhcmQlMjIlMkMlMjAlMEElMjAlMjAlMjAlMjAlMjAlMjAlMjAlMjAlMjAlMjAlMjAlMjAlMjAlMjAlMjAlMjAlMjJzaG93RmFiJTIyJTNBJTIwZmFsc2UlMkMlMEElMjAlMjAlMjAlMjAlMjAlMjAlMjAlMjAlMjAlMjAlMjAlMjAlMjAlMjAlMjAlMjAlMjJmdWxsU2NyZWVuUG9wdXAlMjIlM0ElMjBmYWxzZSUyQyUwQSUyMCUyMCUyMCUyMCUyMCUyMCUyMCUyMCUyMCUyMCUyMCUyMCUyMCUyMCUyMCUyMCUyMnN0eWxlcyUyMiUzQXVuZGVmaW5lZCUyQyUwQSUyMCUyMCUyMCUyMCUyMCUyMCUyMCUyMCUyMCUyMCUyMCUyMCUyMCUyMCUyMCUyMCUyMmNvbmZpZyUyMiUzQSUyMCU3QiUwQSUyMCUyMCUyMCUyMCUyMCUyMCUyMCUyMCUyMCUyMCUyMCUyMCUyMCUyMCUyMCUyMCUyMCUyMCUyMCUyMCUyMmdpZnRjYXJkJTIyJTNBJTIwJTdCJTIwJTIwJTIwJTIwJTIwJTIwJTIwJTIwJTIwJTIwJTIwJTIwJTIwJTIwJTIwJTIwJTIyZ2lmdGNhcmRzJTIyJTNBJTIwJTVCJTVEJTdEJTBBJTIwJTIwJTIwJTIwJTIwJTIwJTIwJTIwJTIwJTIwJTIwJTIwJTIwJTIwJTIwJTIwJTdEJTIwJTIwJTBBJTIwJTIwJTIwJTIwJTIwJTIwJTIwJTIwJTIwJTIwJTIwJTIwJTdEJTI5JTBBJTIwJTIwJTIwJTIwJTNDJTJGc2NyaXB0JTNFJTBB[\/vc_raw_js][vc_raw_html]PGRpdiBpZD0iYnNwb3J0LXdpZGdldC02ODY1OTciLz48L2Rpdj4=[\/vc_raw_html][\/vc_column][\/vc_row][vc_row full_width=&#8221;stretch_row&#8221; el_id=&#8221;section-bottombanner&#8221; el_class=&#8221;section section-bottombanner&#8221; css=&#8221;.vc_custom_1698688072233{background-image: url(https:\/\/studiobizz.com\/wp-content\/uploads\/2023\/10\/Bottom-banner-1.png?id=22003) !important;}&#8221;][vc_column][vc_row_inner el_class=&#8221;content-cta&#8221;][vc_column_inner][vc_column_text css=&#8221;.vc_custom_1698703313542{margin-bottom: 30px !important;}&#8221;]<\/p>\n<h2 class=\"text-title \">REJOINS NOTRE COMMUNAUT\u00c9 DE PASSIONN\u00c9E PAR LA DANSE, LE MOUVEMENT ET LE BIEN-\u00caTRE<\/h2>\n<p class=\"bloc-desc\">Tous les cours sont offerts en \u00abdrop-in\u00bb, tu peux te joindre \u00e0 n&#8217;importe quel cours \u00e0 tout moment de la session.<\/p>\n<p>[\/vc_column_text][vc_raw_html css=&#8221;&#8221; el_class=&#8221;bloc-btn&#8221;]JTNDYSUyMGhyZWYlM0QlMjIlMkZlbiUyRmNsYXNzLXNjaGVkdWxlJTJGJTIyJTIwY2xhc3MlM0QlMjJDdGFCdG4lMjIlM0VDb21tZW5jZSUyMGQlQzMlQThzJTIwbWFpbnRlbmFudCUzQyUyRmElM0U=[\/vc_raw_html][\/vc_column_inner][\/vc_row_inner][\/vc_column][\/vc_row]<\/p>\n<\/div>","protected":false},"excerpt":{"rendered":"PGRpdiBjbGFzcz0iY29udGVudC1oZXJvIj4NCiAgICA8ZGl2IGNsYXNzPSJicmVhZGNydW1icyI+DQogICAgICAgIDxwPjxhIGhyZWY9Ii8iPkFjY3VlaWw8L2E+IDxzcGFuIGNsYXNzPSJzcGFuLXBhZ2UiIHN0eWxlPSIiPi8gQ2FydGVzIGNhZGVhdXg8L3NwYW4+PC9wPg0KICAgIDwvZGl2Pjxicj4gICAgPGRpdiBjbGFzcz0idGl0bGUtQWJvdXQiPkNhcnRlcy1jYWRlYXV4PC9kaXY+PGJyPjwvZGl2Pg== Offre le plaisir de bouger en cadeau!  Un cadeau qui fait du bien! Le cadeau id\u00e9al pour tous les passionn\u00e9s du mouvement! Comble tes proches de bonheur en leur faisant d\u00e9couvrir une exp\u00e9rience ","protected":false},"author":7,"featured_media":0,"parent":0,"menu_order":0,"comment_status":"closed","ping_status":"closed","template":"page-blank.php","meta":{"_acf_changed":false,"footnotes":""},"class_list":["post-22247","page","type-page","status-publish","hentry"],"acf":[],"aioseo_notices":[],"_links":{"self":[{"href":"https:\/\/studiobizz.com\/en\/wp-json\/wp\/v2\/pages\/22247","targetHints":{"allow":["GET"]}}],"collection":[{"href":"https:\/\/studiobizz.com\/en\/wp-json\/wp\/v2\/pages"}],"about":[{"href":"https:\/\/studiobizz.com\/en\/wp-json\/wp\/v2\/types\/page"}],"author":[{"embeddable":true,"href":"https:\/\/studiobizz.com\/en\/wp-json\/wp\/v2\/users\/7"}],"replies":[{"embeddable":true,"href":"https:\/\/studiobizz.com\/en\/wp-json\/wp\/v2\/comments?post=22247"}],"version-history":[{"count":10,"href":"https:\/\/studiobizz.com\/en\/wp-json\/wp\/v2\/pages\/22247\/revisions"}],"predecessor-version":[{"id":26324,"href":"https:\/\/studiobizz.com\/en\/wp-json\/wp\/v2\/pages\/22247\/revisions\/26324"}],"wp:attachment":[{"href":"https:\/\/studiobizz.com\/en\/wp-json\/wp\/v2\/media?parent=22247"}],"curies":[{"name":"wp","href":"https:\/\/api.w.org\/{rel}","templated":true}]}}